{"id":5349,"date":"2022-08-04T13:31:27","date_gmt":"2022-08-04T13:31:27","guid":{"rendered":"https:\/\/lacasadelguatin.co\/?page_id=5349"},"modified":"2022-09-05T16:55:11","modified_gmt":"2022-09-05T16:55:11","slug":"alcantarillado-la-buitrera","status":"publish","type":"page","link":"https:\/\/lacasadelguatin.co\/index.php\/alcantarillado-la-buitrera\/","title":{"rendered":"Alcantarillado La Buitrera"},"content":{"rendered":"\t\t<div data-elementor-type=\"wp-page\" data-elementor-id=\"5349\" class=\"elementor elementor-5349\" data-elementor-post-type=\"page\">\n\t\t\t\t\t\t<section class=\"elementor-section elementor-top-section elementor-element elementor-element-797912a elementor-section-boxed elementor-section-height-default elementor-section-height-default\" data-id=\"797912a\" data-element_type=\"section\" data-e-type=\"section\">\n\t\t\t\t\t\t<div class=\"elementor-container elementor-column-gap-default\">\n\t\t\t\t\t<div class=\"elementor-column elementor-col-100 elementor-top-column elementor-element elementor-element-86cb15e\" data-id=\"86cb15e\" data-element_type=\"column\" data-e-type=\"column\">\n\t\t\t<div class=\"elementor-widget-wrap elementor-element-populated\">\n\t\t\t\t\t\t<div class=\"elementor-element elementor-element-ce69c7c elementor-grid-2 elementor-grid-tablet-2 elementor-grid-mobile-1 elementor-posts--thumbnail-top elementor-widget elementor-widget-posts\" data-id=\"ce69c7c\" data-element_type=\"widget\" data-e-type=\"widget\" data-settings=\"{&quot;classic_columns&quot;:&quot;2&quot;,&quot;classic_columns_tablet&quot;:&quot;2&quot;,&quot;classic_columns_mobile&quot;:&quot;1&quot;,&quot;classic_row_gap&quot;:{&quot;unit&quot;:&quot;px&quot;,&quot;size&quot;:35,&quot;sizes&quot;:[]},&quot;classic_row_gap_tablet&quot;:{&quot;unit&quot;:&quot;px&quot;,&quot;size&quot;:&quot;&quot;,&quot;sizes&quot;:[]},&quot;classic_row_gap_mobile&quot;:{&quot;unit&quot;:&quot;px&quot;,&quot;size&quot;:&quot;&quot;,&quot;sizes&quot;:[]}}\" data-widget_type=\"posts.classic\">\n\t\t\t\t<div class=\"elementor-widget-container\">\n\t\t\t\t\t\t\t<div class=\"elementor-posts-container elementor-posts elementor-posts--skin-classic elementor-grid\">\n\t\t\t\t<article class=\"elementor-post elementor-grid-item post-5445 post type-post status-publish format-standard has-post-thumbnail hentry category-alcantarillado-la-buitrera category-servicios-publicos\">\n\t\t\t\t<a class=\"elementor-post__thumbnail__link\" href=\"https:\/\/lacasadelguatin.co\/index.php\/2022\/06\/30\/obras-ilegales-de-alcantarillado-en-la-buitrera\/\" tabindex=\"-1\" >\n\t\t\t<div class=\"elementor-post__thumbnail\"><img fetchpriority=\"high\" decoding=\"async\" width=\"1600\" height=\"1200\" src=\"https:\/\/lacasadelguatin.co\/wp-content\/uploads\/2022\/08\/alcantarillado-2.jpg\" class=\"attachment-full size-full wp-image-5436\" alt=\"\" srcset=\"https:\/\/lacasadelguatin.co\/wp-content\/uploads\/2022\/08\/alcantarillado-2.jpg 1600w, https:\/\/lacasadelguatin.co\/wp-content\/uploads\/2022\/08\/alcantarillado-2-300x225.jpg 300w, https:\/\/lacasadelguatin.co\/wp-content\/uploads\/2022\/08\/alcantarillado-2-1024x768.jpg 1024w, https:\/\/lacasadelguatin.co\/wp-content\/uploads\/2022\/08\/alcantarillado-2-768x576.jpg 768w, https:\/\/lacasadelguatin.co\/wp-content\/uploads\/2022\/08\/alcantarillado-2-1536x1152.jpg 1536w\" sizes=\"(max-width: 1600px) 100vw, 1600px\" \/><\/div>\n\t\t<\/a>\n\t\t\t\t<div class=\"elementor-post__text\">\n\t\t\t\t<h3 class=\"elementor-post__title\">\n\t\t\t<a href=\"https:\/\/lacasadelguatin.co\/index.php\/2022\/06\/30\/obras-ilegales-de-alcantarillado-en-la-buitrera\/\" >\n\t\t\t\tObras no consensuadas de alcantarillado en La Buitrera\t\t\t<\/a>\n\t\t<\/h3>\n\t\t\t\t<div class=\"elementor-post__excerpt\">\n\t\t\t<p>Comunicado de prensa del 30 de junio \/ 2022: Informamos a la comunidad de La Buitrera de Cali, que hay un cierre ilegal de la v\u00eda en el km 3, frente al Colegio Liceo Campestre Ingl\u00e9s del Sur.Es para colocar un alcantarillado, dizque en nombre de Acuabuitrera, pero para el cual Acuabuitrera nunca ha sido consultado y rechaza del todo, al igual que los vecinos.Tanto Acuabuitrera como vecinos han informado con anticipaci\u00f3n que se oponen a cualquier alcantarillado en esta v\u00eda.La Administraci\u00f3n Municipal tiene la obligaci\u00f3n de consensuar estas obras con Acuabuitrera y el Contratista tiene la obligaci\u00f3n de proceder a la socializaci\u00f3n + Acta de vecinos. #labuitreracali #lacasadelguatin #periodicoruralcomunitario #guatinmedios<\/p>\n\t\t<\/div>\n\t\t\n\t\t<a class=\"elementor-post__read-more\" href=\"https:\/\/lacasadelguatin.co\/index.php\/2022\/06\/30\/obras-ilegales-de-alcantarillado-en-la-buitrera\/\" aria-label=\"Read more about Obras no consensuadas de alcantarillado en La Buitrera\" tabindex=\"-1\" >\n\t\t\tLeer todo y comentar \u00bb\t\t<\/a>\n\n\t\t\t\t<\/div>\n\t\t\t\t<\/article>\n\t\t\t\t<article class=\"elementor-post elementor-grid-item post-5616 post type-post status-publish format-standard has-post-thumbnail hentry category-alcantarillado-la-buitrera\">\n\t\t\t\t<a class=\"elementor-post__thumbnail__link\" href=\"https:\/\/lacasadelguatin.co\/index.php\/2022\/06\/22\/el-plan-del-municipio-para-con-la-buitrera\/\" tabindex=\"-1\" >\n\t\t\t<div class=\"elementor-post__thumbnail\"><img decoding=\"async\" width=\"1280\" height=\"960\" src=\"https:\/\/lacasadelguatin.co\/wp-content\/uploads\/2022\/08\/alcantarillado-3.jpg\" class=\"attachment-full size-full wp-image-5437\" alt=\"\" srcset=\"https:\/\/lacasadelguatin.co\/wp-content\/uploads\/2022\/08\/alcantarillado-3.jpg 1280w, https:\/\/lacasadelguatin.co\/wp-content\/uploads\/2022\/08\/alcantarillado-3-300x225.jpg 300w, https:\/\/lacasadelguatin.co\/wp-content\/uploads\/2022\/08\/alcantarillado-3-1024x768.jpg 1024w, https:\/\/lacasadelguatin.co\/wp-content\/uploads\/2022\/08\/alcantarillado-3-768x576.jpg 768w\" sizes=\"(max-width: 1280px) 100vw, 1280px\" \/><\/div>\n\t\t<\/a>\n\t\t\t\t<div class=\"elementor-post__text\">\n\t\t\t\t<h3 class=\"elementor-post__title\">\n\t\t\t<a href=\"https:\/\/lacasadelguatin.co\/index.php\/2022\/06\/22\/el-plan-del-municipio-para-con-la-buitrera\/\" >\n\t\t\t\tEl \u00abPlan\u00bb del municipio para con La Buitrera: \u00a1Volvernos urbanos!\t\t\t<\/a>\n\t\t<\/h3>\n\t\t\t\t<div class=\"elementor-post__excerpt\">\n\t\t\t<p>1. INTRODUCCI\u00d3N: KM 3,3 &#8211; LA V\u00cdA DESTROZADA \u00bfPARA QU\u00c9? Casi todos los habitantes de La Buitrera, nos hemos visto perjudicados por una obra repentina de alcantarillado, sobre la v\u00eda principal &#8211; km 3,3 \u2013 entre el Liceo Campestre del Sur y el Callej\u00f3n Yambo, 300 metros abajo del Portento.&nbsp;Esta obra cort\u00f3 la v\u00eda durante un mes (junio &#8211; julio), con desv\u00edo del tr\u00e1fico por el Plan, y sigui\u00f3 entorpeciendo el paso hasta el 22 de agosto. Es obra de la \u201cUAESP\u201d, un nombre complejo que significa \u201cUnidad Administrativa Especial de Servicios P\u00fablicos\u201d. Es una unidad de la Alcald\u00eda que depende directamente del Se\u00f1or Alcalde y que ejecuta servicios p\u00fablicos con los fondos del Presupuesto General de la Naci\u00f3n (Gobierno Nacional), en particular hacia la construcci\u00f3n de obras de agua potable y saneamiento en la zona rural (corregimientos). Es por lo tanto el principal financiador y ejecutor de las obras<\/p>\n\t\t<\/div>\n\t\t\n\t\t<a class=\"elementor-post__read-more\" href=\"https:\/\/lacasadelguatin.co\/index.php\/2022\/06\/22\/el-plan-del-municipio-para-con-la-buitrera\/\" aria-label=\"Read more about El \u00abPlan\u00bb del municipio para con La Buitrera: \u00a1Volvernos urbanos!\" tabindex=\"-1\" >\n\t\t\tLeer todo y comentar \u00bb\t\t<\/a>\n\n\t\t\t\t<\/div>\n\t\t\t\t<\/article>\n\t\t\t\t<\/div>\n\t\t\n\t\t\t\t\t\t<\/div>\n\t\t\t\t<\/div>\n\t\t\t\t\t<\/div>\n\t\t<\/div>\n\t\t\t\t\t<\/div>\n\t\t<\/section>\n\t\t\t\t<\/div>\n\t\t","protected":false},"excerpt":{"rendered":"","protected":false},"author":1,"featured_media":0,"parent":0,"menu_order":0,"comment_status":"closed","ping_status":"closed","template":"","meta":{"_monsterinsights_skip_tracking":false,"_monsterinsights_sitenote_active":false,"_monsterinsights_sitenote_note":"","_monsterinsights_sitenote_category":0,"_joinchat":[],"footnotes":""},"class_list":["post-5349","page","type-page","status-publish","hentry"],"aioseo_notices":[],"_links":{"self":[{"href":"https:\/\/lacasadelguatin.co\/index.php\/wp-json\/wp\/v2\/pages\/5349","targetHints":{"allow":["GET"]}}],"collection":[{"href":"https:\/\/lacasadelguatin.co\/index.php\/wp-json\/wp\/v2\/pages"}],"about":[{"href":"https:\/\/lacasadelguatin.co\/index.php\/wp-json\/wp\/v2\/types\/page"}],"author":[{"embeddable":true,"href":"https:\/\/lacasadelguatin.co\/index.php\/wp-json\/wp\/v2\/users\/1"}],"replies":[{"embeddable":true,"href":"https:\/\/lacasadelguatin.co\/index.php\/wp-json\/wp\/v2\/comments?post=5349"}],"version-history":[{"count":0,"href":"https:\/\/lacasadelguatin.co\/index.php\/wp-json\/wp\/v2\/pages\/5349\/revisions"}],"wp:attachment":[{"href":"https:\/\/lacasadelguatin.co\/index.php\/wp-json\/wp\/v2\/media?parent=5349"}],"curies":[{"name":"wp","href":"https:\/\/api.w.org\/{rel}","templated":true}]}}