{"id":1703,"date":"2021-10-19T17:44:08","date_gmt":"2021-10-19T17:44:08","guid":{"rendered":"https:\/\/lacasadelguatin.co\/?page_id=1703"},"modified":"2024-11-06T21:32:54","modified_gmt":"2024-11-06T21:32:54","slug":"mapas","status":"publish","type":"page","link":"https:\/\/lacasadelguatin.co\/index.php\/mapas\/","title":{"rendered":"Mapas"},"content":{"rendered":"\t\t<div data-elementor-type=\"wp-page\" data-elementor-id=\"1703\" class=\"elementor elementor-1703\" data-elementor-post-type=\"page\">\n\t\t\t\t\t\t<section class=\"elementor-section elementor-top-section elementor-element elementor-element-0289ad7 elementor-section-boxed elementor-section-height-default elementor-section-height-default\" data-id=\"0289ad7\" data-element_type=\"section\" data-e-type=\"section\">\n\t\t\t\t\t\t<div class=\"elementor-container elementor-column-gap-default\">\n\t\t\t\t\t<div class=\"elementor-column elementor-col-50 elementor-top-column elementor-element elementor-element-fbe4ad7\" data-id=\"fbe4ad7\" data-element_type=\"column\" data-e-type=\"column\">\n\t\t\t<div class=\"elementor-widget-wrap elementor-element-populated\">\n\t\t\t\t\t\t<div class=\"elementor-element elementor-element-d0cbfb4 elementor-grid-1 elementor-posts--thumbnail-right elementor-grid-tablet-2 elementor-grid-mobile-1 elementor-widget elementor-widget-posts\" data-id=\"d0cbfb4\" data-element_type=\"widget\" data-e-type=\"widget\" data-settings=\"{&quot;classic_columns&quot;:&quot;1&quot;,&quot;classic_columns_tablet&quot;:&quot;2&quot;,&quot;classic_columns_mobile&quot;:&quot;1&quot;,&quot;classic_row_gap&quot;:{&quot;unit&quot;:&quot;px&quot;,&quot;size&quot;:35,&quot;sizes&quot;:[]},&quot;classic_row_gap_tablet&quot;:{&quot;unit&quot;:&quot;px&quot;,&quot;size&quot;:&quot;&quot;,&quot;sizes&quot;:[]},&quot;classic_row_gap_mobile&quot;:{&quot;unit&quot;:&quot;px&quot;,&quot;size&quot;:&quot;&quot;,&quot;sizes&quot;:[]}}\" data-widget_type=\"posts.classic\">\n\t\t\t\t<div class=\"elementor-widget-container\">\n\t\t\t\t\t\t\t<div class=\"elementor-posts-container elementor-posts elementor-posts--skin-classic elementor-grid\" role=\"list\">\n\t\t\t\t<article class=\"elementor-post elementor-grid-item post-1697 post type-post status-publish format-standard has-post-thumbnail hentry category-240214-plano-general-de-la-buitrera\" role=\"listitem\">\n\t\t\t\t<a class=\"elementor-post__thumbnail__link\" href=\"https:\/\/lacasadelguatin.co\/index.php\/2024\/10\/18\/plano-general-de-la-buitrera\/\" tabindex=\"-1\" >\n\t\t\t<div class=\"elementor-post__thumbnail\"><img fetchpriority=\"high\" decoding=\"async\" width=\"508\" height=\"566\" src=\"https:\/\/lacasadelguatin.co\/wp-content\/uploads\/2021\/08\/plano.png\" class=\"attachment-full size-full wp-image-1241\" alt=\"\" srcset=\"https:\/\/lacasadelguatin.co\/wp-content\/uploads\/2021\/08\/plano.png 508w, https:\/\/lacasadelguatin.co\/wp-content\/uploads\/2021\/08\/plano-269x300.png 269w\" sizes=\"(max-width: 508px) 100vw, 508px\" \/><\/div>\n\t\t<\/a>\n\t\t\t\t<div class=\"elementor-post__text\">\n\t\t\t\t<h3 class=\"elementor-post__title\">\n\t\t\t<a href=\"https:\/\/lacasadelguatin.co\/index.php\/2024\/10\/18\/plano-general-de-la-buitrera\/\" >\n\t\t\t\tPlano General de La Buitrera\t\t\t<\/a>\n\t\t<\/h3>\n\t\t\n\t\t<a class=\"elementor-post__read-more\" href=\"https:\/\/lacasadelguatin.co\/index.php\/2024\/10\/18\/plano-general-de-la-buitrera\/\" aria-label=\"Read more about Plano General de La Buitrera\" tabindex=\"-1\" >\n\t\t\tClic aqu\u00ed para ir al mapa y comentarios \u00bb\t\t<\/a>\n\n\t\t\t\t<\/div>\n\t\t\t\t<\/article>\n\t\t\t\t<article class=\"elementor-post elementor-grid-item post-16806 post type-post status-publish format-standard has-post-thumbnail hentry category-240217-mapa-de-la-cuenca-de-los-rios-lili-melendez-y-canaveralejo\" role=\"listitem\">\n\t\t\t\t<a class=\"elementor-post__thumbnail__link\" href=\"https:\/\/lacasadelguatin.co\/index.php\/2024\/02\/17\/mapa-de-la-cuenca-de-los-rios-lili-melendez-y-canaveralejo\/\" tabindex=\"-1\" >\n\t\t\t<div class=\"elementor-post__thumbnail\"><img decoding=\"async\" width=\"1792\" height=\"2560\" src=\"https:\/\/lacasadelguatin.co\/wp-content\/uploads\/2024\/11\/241102-mapa-2-portada-scaled.webp\" class=\"attachment-full size-full wp-image-16807\" alt=\"\" srcset=\"https:\/\/lacasadelguatin.co\/wp-content\/uploads\/2024\/11\/241102-mapa-2-portada-scaled.webp 1792w, https:\/\/lacasadelguatin.co\/wp-content\/uploads\/2024\/11\/241102-mapa-2-portada-210x300.webp 210w, https:\/\/lacasadelguatin.co\/wp-content\/uploads\/2024\/11\/241102-mapa-2-portada-717x1024.webp 717w, https:\/\/lacasadelguatin.co\/wp-content\/uploads\/2024\/11\/241102-mapa-2-portada-768x1097.webp 768w, https:\/\/lacasadelguatin.co\/wp-content\/uploads\/2024\/11\/241102-mapa-2-portada-1075x1536.webp 1075w, https:\/\/lacasadelguatin.co\/wp-content\/uploads\/2024\/11\/241102-mapa-2-portada-1434x2048.webp 1434w\" sizes=\"(max-width: 1792px) 100vw, 1792px\" \/><\/div>\n\t\t<\/a>\n\t\t\t\t<div class=\"elementor-post__text\">\n\t\t\t\t<h3 class=\"elementor-post__title\">\n\t\t\t<a href=\"https:\/\/lacasadelguatin.co\/index.php\/2024\/02\/17\/mapa-de-la-cuenca-de-los-rios-lili-melendez-y-canaveralejo\/\" >\n\t\t\t\tMAPA DE LA CUENCA DE LOS R\u00cdOS LILI, MEL\u00c9NDEZ Y CA\u00d1AVERALEJO\t\t\t<\/a>\n\t\t<\/h3>\n\t\t\n\t\t<a class=\"elementor-post__read-more\" href=\"https:\/\/lacasadelguatin.co\/index.php\/2024\/02\/17\/mapa-de-la-cuenca-de-los-rios-lili-melendez-y-canaveralejo\/\" aria-label=\"Read more about MAPA DE LA CUENCA DE LOS R\u00cdOS LILI, MEL\u00c9NDEZ Y CA\u00d1AVERALEJO\" tabindex=\"-1\" >\n\t\t\tClic aqu\u00ed para ir al mapa y comentarios \u00bb\t\t<\/a>\n\n\t\t\t\t<\/div>\n\t\t\t\t<\/article>\n\t\t\t\t<article class=\"elementor-post elementor-grid-item post-11460 post type-post status-publish format-standard has-post-thumbnail hentry category-240214-mapa-de-la-buitrera-en-google\" role=\"listitem\">\n\t\t\t\t<a class=\"elementor-post__thumbnail__link\" href=\"https:\/\/lacasadelguatin.co\/index.php\/2024\/02\/14\/sitios-en-google-site\/\" tabindex=\"-1\" >\n\t\t\t<div class=\"elementor-post__thumbnail\"><img decoding=\"async\" width=\"1200\" height=\"611\" src=\"https:\/\/lacasadelguatin.co\/wp-content\/uploads\/2024\/02\/mapa.png\" class=\"attachment-full size-full wp-image-11461\" alt=\"\" srcset=\"https:\/\/lacasadelguatin.co\/wp-content\/uploads\/2024\/02\/mapa.png 1200w, https:\/\/lacasadelguatin.co\/wp-content\/uploads\/2024\/02\/mapa-300x153.png 300w, https:\/\/lacasadelguatin.co\/wp-content\/uploads\/2024\/02\/mapa-1024x521.png 1024w, https:\/\/lacasadelguatin.co\/wp-content\/uploads\/2024\/02\/mapa-768x391.png 768w\" sizes=\"(max-width: 1200px) 100vw, 1200px\" \/><\/div>\n\t\t<\/a>\n\t\t\t\t<div class=\"elementor-post__text\">\n\t\t\t\t<h3 class=\"elementor-post__title\">\n\t\t\t<a href=\"https:\/\/lacasadelguatin.co\/index.php\/2024\/02\/14\/sitios-en-google-site\/\" >\n\t\t\t\tMapa de La Buitrera con las categor\u00edas en Google Maps\t\t\t<\/a>\n\t\t<\/h3>\n\t\t\n\t\t<a class=\"elementor-post__read-more\" href=\"https:\/\/lacasadelguatin.co\/index.php\/2024\/02\/14\/sitios-en-google-site\/\" aria-label=\"Read more about Mapa de La Buitrera con las categor\u00edas en Google Maps\" tabindex=\"-1\" >\n\t\t\tClic aqu\u00ed para ir al mapa y comentarios \u00bb\t\t<\/a>\n\n\t\t\t\t<\/div>\n\t\t\t\t<\/article>\n\t\t\t\t<\/div>\n\t\t\n\t\t\t\t\t\t<\/div>\n\t\t\t\t<\/div>\n\t\t\t\t\t<\/div>\n\t\t<\/div>\n\t\t\t\t<div class=\"elementor-column elementor-col-50 elementor-top-column elementor-element elementor-element-8df962e\" data-id=\"8df962e\" data-element_type=\"column\" data-e-type=\"column\" data-settings=\"{&quot;background_background&quot;:&quot;classic&quot;}\">\n\t\t\t<div class=\"elementor-widget-wrap elementor-element-populated\">\n\t\t\t\t\t\t<div class=\"elementor-element elementor-element-4b179d4 elementor-widget elementor-widget-heading\" data-id=\"4b179d4\" data-element_type=\"widget\" data-e-type=\"widget\" data-widget_type=\"heading.default\">\n\t\t\t\t\t<h2 class=\"elementor-heading-title elementor-size-default\">Ir a los Callejones en Google Maps<\/h2>\t\t\t\t<\/div>\n\t\t\t\t<div class=\"elementor-element elementor-element-3268e41 elementor-list-item-link-inline elementor-align-start elementor-icon-list--layout-traditional elementor-widget elementor-widget-icon-list\" data-id=\"3268e41\" data-element_type=\"widget\" data-e-type=\"widget\" data-widget_type=\"icon-list.default\">\n\t\t\t\t\t\t\t<ul class=\"elementor-icon-list-items\">\n\t\t\t\t\t\t\t<li class=\"elementor-icon-list-item\">\n\t\t\t\t\t\t\t\t\t\t\t<a href=\"https:\/\/www.google.com.co\/maps\/dir\/Holguines+Trade+Center+Centro+Comercial,+Cra.+100+%2311-60,+Ciudad+Jard%C3%ADn,+Cali,+Valle+del+Cauca\/El+crucero+La+Buitrera,+Cali,+Valle+del+Cauca\/@3.3727842,-76.5681362,15z\/data=!3m1!4b1!4m13!4m12!1m5!1m1!1s0x8e30a17a4d89d2f7:0x3543b74a3e50b507!2m2!1d-76.5394458!2d3.3717925!1m5!1m1!1s0x8e30a3bdd2874551:0xe224529bbc874f29!2m2!1d-76.5784299!2d3.3830365\">\n\n\t\t\t\t\t\t\t\t\t\t\t\t<span class=\"elementor-icon-list-icon\">\n\t\t\t\t\t\t\t<i aria-hidden=\"true\" class=\"fas fa-map-marker-alt\"><\/i>\t\t\t\t\t\t<\/span>\n\t\t\t\t\t\t\t\t\t\t<span class=\"elementor-icon-list-text\">El Crucero<\/span>\n\t\t\t\t\t\t\t\t\t\t\t<\/a>\n\t\t\t\t\t\t\t\t\t<\/li>\n\t\t\t\t\t\t\t\t<li class=\"elementor-icon-list-item\">\n\t\t\t\t\t\t\t\t\t\t\t<a href=\"https:\/\/www.google.com\/maps\/dir\/Estaci%C3%B3n+de+Polic%C3%ADa+La+Buitrera,+Cali,+Valle+del+Cauca\/Villa+alabama,+V%C3%ADa+a+la+Buitrera,+Callejon+alamaba,+Cali,+Valle+del+Cauca\/@3.3719153,-76.5721083,15z\/data=!4m13!4m12!1m5!1m1!1s0x8e30a232e25fc9b5:0x19baba94152f8a9a!2m2!1d-76.5631201!2d3.3636456!1m5!1m1!1s0x8e30a3eb663d721b:0x21069a2c7528d45!2m2!1d-76.5677451!2d3.3802248\">\n\n\t\t\t\t\t\t\t\t\t\t\t\t<span class=\"elementor-icon-list-icon\">\n\t\t\t\t\t\t\t<i aria-hidden=\"true\" class=\"fas fa-map-marker-alt\"><\/i>\t\t\t\t\t\t<\/span>\n\t\t\t\t\t\t\t\t\t\t<span class=\"elementor-icon-list-text\">Alabama<\/span>\n\t\t\t\t\t\t\t\t\t\t\t<\/a>\n\t\t\t\t\t\t\t\t\t<\/li>\n\t\t\t\t\t\t\t\t<li class=\"elementor-icon-list-item\">\n\t\t\t\t\t\t\t\t\t\t\t<a href=\"https:\/\/www.google.com\/maps\/dir\/Estaci%C3%B3n+de+Polic%C3%ADa+La+Buitrera,+Cali,+Valle+del+Cauca\/V%C3%ADa+a+La+Buitrera+%26+Callejon+la+T,+Cali,+Valle+del+Cauca\/@3.3661724,-76.5649767,17z\/data=!3m1!4b1!4m13!4m12!1m5!1m1!1s0x8e30a232e25fc9b5:0x19baba94152f8a9a!2m2!1d-76.5631201!2d3.3636456!1m5!1m1!1s0x8e30a3cdb829b37d:0x6e97240b62a2c3d4!2m2!1d-76.5625046!2d3.3689385?hl=es\">\n\n\t\t\t\t\t\t\t\t\t\t\t\t<span class=\"elementor-icon-list-icon\">\n\t\t\t\t\t\t\t<i aria-hidden=\"true\" class=\"fas fa-map-marker-alt\"><\/i>\t\t\t\t\t\t<\/span>\n\t\t\t\t\t\t\t\t\t\t<span class=\"elementor-icon-list-text\">Callej\u00f3n T<\/span>\n\t\t\t\t\t\t\t\t\t\t\t<\/a>\n\t\t\t\t\t\t\t\t\t<\/li>\n\t\t\t\t\t\t\t\t<li class=\"elementor-icon-list-item\">\n\t\t\t\t\t\t\t\t\t\t\t<a href=\"https:\/\/www.google.com\/maps\/dir\/Estaci%C3%B3n+de+Polic%C3%ADa+La+Buitrera,+Cali,+Valle+del+Cauca\/Institucion+educativa+la+buitrera+sede+San+Gabriel,+Sector+Las+Piedras+Km,+V%C3%ADa+a+La+Buitrera,+Cali,+Valle+del+Cauca\/@3.3718136,-76.5721083,15z\/data=!3m1!4b1!4m13!4m12!1m5!1m1!1s0x8e30a232e25fc9b5:0x19baba94152f8a9a!2m2!1d-76.5631201!2d3.3636456!1m5!1m1!1s0x8e30a3624eed156f:0x1f27d01266759730!2m2!1d-76.563996!2d3.37673?hl=es\">\n\n\t\t\t\t\t\t\t\t\t\t\t\t<span class=\"elementor-icon-list-icon\">\n\t\t\t\t\t\t\t<i aria-hidden=\"true\" class=\"fas fa-map-marker-alt\"><\/i>\t\t\t\t\t\t<\/span>\n\t\t\t\t\t\t\t\t\t\t<span class=\"elementor-icon-list-text\">Institucion educativa la buitrera sede San Gabriel, Sector Las Piedras<\/span>\n\t\t\t\t\t\t\t\t\t\t\t<\/a>\n\t\t\t\t\t\t\t\t\t<\/li>\n\t\t\t\t\t\t\t\t<li class=\"elementor-icon-list-item\">\n\t\t\t\t\t\t\t\t\t\t\t<a href=\"https:\/\/www.google.com\/maps\/dir\/Estaci%C3%B3n+de+Polic%C3%ADa+La+Buitrera,+Cali,+Valle+del+Cauca\/Parroquia+Nuestra+Se%C3%B1ora+del+Perpetuo+Socorro,+Cj%C3%B3n.+Tabares,+Cali,+Valle+del+Cauca\/@3.3730825,-76.5751569,15z\/data=!3m1!4b1!4m13!4m12!1m5!1m1!1s0x8e30a232e25fc9b5:0x19baba94152f8a9a!2m2!1d-76.5631201!2d3.3636456!1m5!1m1!1s0x8e30a376027f4ef1:0x95b75e52ebcd8a88!2m2!1d-76.5745627!2d3.3797288?hl=es\">\n\n\t\t\t\t\t\t\t\t\t\t\t\t<span class=\"elementor-icon-list-icon\">\n\t\t\t\t\t\t\t<i aria-hidden=\"true\" class=\"fas fa-map-marker-alt\"><\/i>\t\t\t\t\t\t<\/span>\n\t\t\t\t\t\t\t\t\t\t<span class=\"elementor-icon-list-text\">Parroquia Nuestra Se\u00f1ora del Perpetuo Socorro<\/span>\n\t\t\t\t\t\t\t\t\t\t\t<\/a>\n\t\t\t\t\t\t\t\t\t<\/li>\n\t\t\t\t\t\t\t\t<li class=\"elementor-icon-list-item\">\n\t\t\t\t\t\t\t\t\t\t\t<a href=\"https:\/\/www.google.com\/maps\/dir\/Estaci%C3%B3n+de+Polic%C3%ADa+La+Buitrera,+Cali,+Valle+del+Cauca\/V%C3%ADa+a+la+Buitrera+Duquelandia,+Cali,+Valle+del+Cauca\/@3.3703519,-76.5670521,16z\/data=!3m1!4b1!4m13!4m12!1m5!1m1!1s0x8e30a232e25fc9b5:0x19baba94152f8a9a!2m2!1d-76.5631201!2d3.3636456!1m5!1m1!1s0x8e30a3c61331f2a7:0xda71943a2f745de3!2m2!1d-76.5670981!2d3.3765422?hl=es\">\n\n\t\t\t\t\t\t\t\t\t\t\t\t<span class=\"elementor-icon-list-icon\">\n\t\t\t\t\t\t\t<i aria-hidden=\"true\" class=\"fas fa-map-marker-alt\"><\/i>\t\t\t\t\t\t<\/span>\n\t\t\t\t\t\t\t\t\t\t<span class=\"elementor-icon-list-text\">Cascabeles a Duquelandia<\/span>\n\t\t\t\t\t\t\t\t\t\t\t<\/a>\n\t\t\t\t\t\t\t\t\t<\/li>\n\t\t\t\t\t\t\t\t<li class=\"elementor-icon-list-item\">\n\t\t\t\t\t\t\t\t\t\t\t<a href=\"https:\/\/www.google.com\/maps\/dir\/Colegio+Biling%C3%BCe+Diana+Oese,+Km.+3+Calle+11,+Cali,+Valle+del+Cauca\/Callejon+La+Quinta,+Cali,+Valle+del+Cauca\/@3.3670558,-76.5675037,18z\/data=!3m1!4b1!4m13!4m12!1m5!1m1!1s0x8e30a3ccd7390c9d:0xb5be5646c64c1ed0!2m2!1d-76.5640701!2d3.36548!1m5!1m1!1s0x8e30a3ca2e6f36cb:0x56c8a4145a552e36!2m2!1d-76.5687699!2d3.3687628\">\n\n\t\t\t\t\t\t\t\t\t\t\t\t<span class=\"elementor-icon-list-icon\">\n\t\t\t\t\t\t\t<i aria-hidden=\"true\" class=\"fas fa-map-marker-alt\"><\/i>\t\t\t\t\t\t<\/span>\n\t\t\t\t\t\t\t\t\t\t<span class=\"elementor-icon-list-text\">Colinas a Callej\u00f3n La Quinta<\/span>\n\t\t\t\t\t\t\t\t\t\t\t<\/a>\n\t\t\t\t\t\t\t\t\t<\/li>\n\t\t\t\t\t\t\t\t<li class=\"elementor-icon-list-item\">\n\t\t\t\t\t\t\t\t\t\t\t<a href=\"https:\/\/goo.gl\/maps\/g7sSDPsekxLatitCA\">\n\n\t\t\t\t\t\t\t\t\t\t\t\t<span class=\"elementor-icon-list-icon\">\n\t\t\t\t\t\t\t<i aria-hidden=\"true\" class=\"fas fa-map-marker-alt\"><\/i>\t\t\t\t\t\t<\/span>\n\t\t\t\t\t\t\t\t\t\t<span class=\"elementor-icon-list-text\">Garc\u00e9s - Sector El Plan<\/span>\n\t\t\t\t\t\t\t\t\t\t\t<\/a>\n\t\t\t\t\t\t\t\t\t<\/li>\n\t\t\t\t\t\t\t\t<li class=\"elementor-icon-list-item\">\n\t\t\t\t\t\t\t\t\t\t\t<a href=\"https:\/\/www.google.com\/maps\/dir\/Estaci%C3%B3n+de+Polic%C3%ADa+La+Buitrera,+Cali,+Valle+del+Cauca\/Callej%C3%B3n+Mayorga,+Cali,+Valle+del+Cauca\/@3.3719102,-76.5721083,15z\/data=!3m1!4b1!4m13!4m12!1m5!1m1!1s0x8e30a232e25fc9b5:0x19baba94152f8a9a!2m2!1d-76.5631201!2d3.3636456!1m5!1m1!1s0x8e30a36e82a6ced1:0x65e374da5d9481ab!2m2!1d-76.566592!2d3.3793331?hl=es\">\n\n\t\t\t\t\t\t\t\t\t\t\t\t<span class=\"elementor-icon-list-icon\">\n\t\t\t\t\t\t\t<i aria-hidden=\"true\" class=\"fas fa-map-marker-alt\"><\/i>\t\t\t\t\t\t<\/span>\n\t\t\t\t\t\t\t\t\t\t<span class=\"elementor-icon-list-text\">Mayorga<\/span>\n\t\t\t\t\t\t\t\t\t\t\t<\/a>\n\t\t\t\t\t\t\t\t\t<\/li>\n\t\t\t\t\t\t\t\t<li class=\"elementor-icon-list-item\">\n\t\t\t\t\t\t\t\t\t\t\t<a href=\"https:\/\/www.google.com\/maps\/dir\/Estaci%C3%B3n+de+Polic%C3%ADa+La+Buitrera,+Cali,+Valle+del+Cauca\/Cj%C3%B3n.+Tabares,+Cali,+Valle+del+Cauca\/@3.3730825,-76.574446,15z\/data=!3m1!4b1!4m13!4m12!1m5!1m1!1s0x8e30a232e25fc9b5:0x19baba94152f8a9a!2m2!1d-76.5631201!2d3.3636456!1m5!1m1!1s0x8e30a3bf4bb2e7dd:0x6917f32a7f384ea7!2m2!1d-76.573141!2d3.380502?hl=es\">\n\n\t\t\t\t\t\t\t\t\t\t\t\t<span class=\"elementor-icon-list-icon\">\n\t\t\t\t\t\t\t<i aria-hidden=\"true\" class=\"fas fa-map-marker-alt\"><\/i>\t\t\t\t\t\t<\/span>\n\t\t\t\t\t\t\t\t\t\t<span class=\"elementor-icon-list-text\">Tabares<\/span>\n\t\t\t\t\t\t\t\t\t\t\t<\/a>\n\t\t\t\t\t\t\t\t\t<\/li>\n\t\t\t\t\t\t\t\t<li class=\"elementor-icon-list-item\">\n\t\t\t\t\t\t\t\t\t\t\t<a href=\"https:\/\/www.google.com\/maps\/dir\/Estaci%C3%B3n+de+Polic%C3%ADa+La+Buitrera,+Cali,+Valle+del+Cauca\/V%C3%ADa+a+la+Buitrera+Capricho+Km+6,+Cali,+Valle+del+Cauca\/@3.3732651,-76.5753783,15z\/data=!3m1!4b1!4m13!4m12!1m5!1m1!1s0x8e30a232e25fc9b5:0x19baba94152f8a9a!2m2!1d-76.5631201!2d3.3636456!1m5!1m1!1s0x8e30a3befe87a34f:0xa7cda075b36c6a7!2m2!1d-76.5750056!2d3.3825256?hl=es\">\n\n\t\t\t\t\t\t\t\t\t\t\t\t<span class=\"elementor-icon-list-icon\">\n\t\t\t\t\t\t\t<i aria-hidden=\"true\" class=\"fas fa-map-marker-alt\"><\/i>\t\t\t\t\t\t<\/span>\n\t\t\t\t\t\t\t\t\t\t<span class=\"elementor-icon-list-text\">Capricho Km 6<\/span>\n\t\t\t\t\t\t\t\t\t\t\t<\/a>\n\t\t\t\t\t\t\t\t\t<\/li>\n\t\t\t\t\t\t\t\t<li class=\"elementor-icon-list-item\">\n\t\t\t\t\t\t\t\t\t\t\t<a href=\"https:\/\/www.google.com.co\/maps\/dir\/Holguines+Trade+Center+Centro+Comercial,+Cra.+100+%2311-60,+Ciudad+Jard%C3%ADn,+Cali,+Valle+del+Cauca\/La+Buitrera+Cali+km+6+callejon+macondo,+V%C3%ADa+a+La+Buitrera+%23km+6,+Prados+Del+Sur,+Cali,+Valle+del+Cauca\/@3.3724073,-76.564673,15z\/data=!3m1!4b1!4m13!4m12!1m5!1m1!1s0x8e30a17a4d89d2f7:0x3543b74a3e50b507!2m2!1d-76.5394458!2d3.3717925!1m5!1m1!1s0x8e30a3ac208f574f:0x765338a123b2d29e!2m2!1d-76.5715611!2d3.3825015\">\n\n\t\t\t\t\t\t\t\t\t\t\t\t<span class=\"elementor-icon-list-icon\">\n\t\t\t\t\t\t\t<i aria-hidden=\"true\" class=\"fas fa-map-marker-alt\"><\/i>\t\t\t\t\t\t<\/span>\n\t\t\t\t\t\t\t\t\t\t<span class=\"elementor-icon-list-text\">Callej\u00f3n Macondo<\/span>\n\t\t\t\t\t\t\t\t\t\t\t<\/a>\n\t\t\t\t\t\t\t\t\t<\/li>\n\t\t\t\t\t\t\t\t<li class=\"elementor-icon-list-item\">\n\t\t\t\t\t\t\t\t\t\t\t<a href=\"https:\/\/www.google.com.co\/maps\/dir\/Holguines+Trade+Center+Centro+Comercial,+Cra.+100+%2311-60,+Ciudad+Jard%C3%ADn,+Cali,+Valle+del+Cauca\/V%C3%ADa+La+Buitrera+Tienda+Nancy,+Prados+Del+Sur,+Cali,+Valle+del+Cauca\/@3.3721547,-76.5640962,15z\/data=!3m1!4b1!4m13!4m12!1m5!1m1!1s0x8e30a17a4d89d2f7:0x3543b74a3e50b507!2m2!1d-76.5394458!2d3.3717925!1m5!1m1!1s0x8e30a3c0ed3d0047:0x47c5c84c62b05b99!2m2!1d-76.5704075!2d3.3820203\">\n\n\t\t\t\t\t\t\t\t\t\t\t\t<span class=\"elementor-icon-list-icon\">\n\t\t\t\t\t\t\t<i aria-hidden=\"true\" class=\"fas fa-map-marker-alt\"><\/i>\t\t\t\t\t\t<\/span>\n\t\t\t\t\t\t\t\t\t\t<span class=\"elementor-icon-list-text\">Tienda Nancy<\/span>\n\t\t\t\t\t\t\t\t\t\t\t<\/a>\n\t\t\t\t\t\t\t\t\t<\/li>\n\t\t\t\t\t\t\t\t<li class=\"elementor-icon-list-item\">\n\t\t\t\t\t\t\t\t\t\t\t<a href=\"https:\/\/www.google.com.co\/maps\/dir\/Holguines+Trade+Center+Centro+Comercial,+Cra.+100+%2311-60,+Ciudad+Jard%C3%ADn,+Cali,+Valle+del+Cauca\/V%C3%ADa+La+Buitrera+Callejon+Los+Pinos,+Prados+Del+Sur,+Cali,+Valle+del+Cauca\/@3.37232,-76.5644843,15z\/data=!3m1!4b1!4m13!4m12!1m5!1m1!1s0x8e30a17a4d89d2f7:0x3543b74a3e50b507!2m2!1d-76.5394458!2d3.3717925!1m5!1m1!1s0x8e30a3c080f338f5:0xb29acd747addaba7!2m2!1d-76.5711836!2d3.3823081\">\n\n\t\t\t\t\t\t\t\t\t\t\t\t<span class=\"elementor-icon-list-icon\">\n\t\t\t\t\t\t\t<i aria-hidden=\"true\" class=\"fas fa-map-marker-alt\"><\/i>\t\t\t\t\t\t<\/span>\n\t\t\t\t\t\t\t\t\t\t<span class=\"elementor-icon-list-text\">Callej\u00f3n Los Pinos<\/span>\n\t\t\t\t\t\t\t\t\t\t\t<\/a>\n\t\t\t\t\t\t\t\t\t<\/li>\n\t\t\t\t\t\t\t\t<li class=\"elementor-icon-list-item\">\n\t\t\t\t\t\t\t\t\t\t\t<a href=\"https:\/\/www.google.com.co\/maps\/dir\/Holguines+Trade+Center+Centro+Comercial,+Cra.+100+%2311-60,+Ciudad+Jard%C3%ADn,+Cali,+Valle+del+Cauca\/Conjunto+Galilea,+V%C3%ADa+a+La+Buitrera,+Bajo+Jordan,+Cali,+Valle+del+Cauca\/@3.3696767,-76.5624464,15z\/data=!3m1!4b1!4m13!4m12!1m5!1m1!1s0x8e30a17a4d89d2f7:0x3543b74a3e50b507!2m2!1d-76.5394458!2d3.3717925!1m5!1m1!1s0x8e30a3d26ec8fa93:0x84eff96bb4b66a52!2m2!1d-76.5653805!2d3.3748403\">\n\n\t\t\t\t\t\t\t\t\t\t\t\t<span class=\"elementor-icon-list-icon\">\n\t\t\t\t\t\t\t<i aria-hidden=\"true\" class=\"fas fa-map-marker-alt\"><\/i>\t\t\t\t\t\t<\/span>\n\t\t\t\t\t\t\t\t\t\t<span class=\"elementor-icon-list-text\">Callej\u00f3n Galilea<\/span>\n\t\t\t\t\t\t\t\t\t\t\t<\/a>\n\t\t\t\t\t\t\t\t\t<\/li>\n\t\t\t\t\t\t\t\t<li class=\"elementor-icon-list-item\">\n\t\t\t\t\t\t\t\t\t\t\t<a href=\"https:\/\/www.google.com.co\/maps\/dir\/Holguines+Trade+Center+Centro+Comercial,+Cra.+100+%2311-60,+Ciudad+Jard%C3%ADn,+Cali,+Valle+del+Cauca\/Bajo+Jordan,+Cali,+Valle+del+Cauca\/@3.3726722,-76.561176,15z\/data=!3m1!4b1!4m13!4m12!1m5!1m1!1s0x8e30a17a4d89d2f7:0x3543b74a3e50b507!2m2!1d-76.5394458!2d3.3717925!1m5!1m1!1s0x8e30a3c5a26c8021:0xb9b0fbf7bd0babd5!2m2!1d-76.5630312!2d3.376097\">\n\n\t\t\t\t\t\t\t\t\t\t\t\t<span class=\"elementor-icon-list-icon\">\n\t\t\t\t\t\t\t<i aria-hidden=\"true\" class=\"fas fa-map-marker-alt\"><\/i>\t\t\t\t\t\t<\/span>\n\t\t\t\t\t\t\t\t\t\t<span class=\"elementor-icon-list-text\">Hogares Claret<\/span>\n\t\t\t\t\t\t\t\t\t\t\t<\/a>\n\t\t\t\t\t\t\t\t\t<\/li>\n\t\t\t\t\t\t<\/ul>\n\t\t\t\t\t\t<\/div>\n\t\t\t\t\t<\/div>\n\t\t<\/div>\n\t\t\t\t\t<\/div>\n\t\t<\/section>\n\t\t\t\t<\/div>\n\t\t","protected":false},"excerpt":{"rendered":"<p>Ir a los Callejones en Google Maps El Crucero Alabama Callej\u00f3n T Institucion educativa la buitrera sede San Gabriel, Sector Las Piedras Parroquia Nuestra Se\u00f1ora<\/p>\n","protected":false},"author":1,"featured_media":0,"parent":0,"menu_order":0,"comment_status":"closed","ping_status":"closed","template":"elementor_header_footer","meta":{"_monsterinsights_skip_tracking":false,"_monsterinsights_sitenote_active":false,"_monsterinsights_sitenote_note":"","_monsterinsights_sitenote_category":0,"_joinchat":[],"footnotes":""},"class_list":["post-1703","page","type-page","status-publish","hentry"],"aioseo_notices":[],"_links":{"self":[{"href":"https:\/\/lacasadelguatin.co\/index.php\/wp-json\/wp\/v2\/pages\/1703","targetHints":{"allow":["GET"]}}],"collection":[{"href":"https:\/\/lacasadelguatin.co\/index.php\/wp-json\/wp\/v2\/pages"}],"about":[{"href":"https:\/\/lacasadelguatin.co\/index.php\/wp-json\/wp\/v2\/types\/page"}],"author":[{"embeddable":true,"href":"https:\/\/lacasadelguatin.co\/index.php\/wp-json\/wp\/v2\/users\/1"}],"replies":[{"embeddable":true,"href":"https:\/\/lacasadelguatin.co\/index.php\/wp-json\/wp\/v2\/comments?post=1703"}],"version-history":[{"count":142,"href":"https:\/\/lacasadelguatin.co\/index.php\/wp-json\/wp\/v2\/pages\/1703\/revisions"}],"predecessor-version":[{"id":16804,"href":"https:\/\/lacasadelguatin.co\/index.php\/wp-json\/wp\/v2\/pages\/1703\/revisions\/16804"}],"wp:attachment":[{"href":"https:\/\/lacasadelguatin.co\/index.php\/wp-json\/wp\/v2\/media?parent=1703"}],"curies":[{"name":"wp","href":"https:\/\/api.w.org\/{rel}","templated":true}]}}